{"id":279069,"date":"2023-05-18T07:36:12","date_gmt":"2023-05-18T07:36:12","guid":{"rendered":"https:\/\/colleverdehotel.it\/fr\/?page_id=279069"},"modified":"2023-12-27T17:08:27","modified_gmt":"2023-12-27T17:08:27","slug":"restaurant","status":"publish","type":"page","link":"https:\/\/colleverdehotel.it\/fr\/restaurant\/","title":{"rendered":"Ristorante"},"content":{"rendered":"<p>[et_pb_section fb_built=&#8221;1&#8243; disabled_on=&#8221;on|on|off&#8221; _builder_version=&#8221;4.17.4&#8243; _module_preset=&#8221;default&#8221; custom_padding=&#8221;0px||0px||false|false&#8221; global_colors_info=&#8221;{}&#8221;][et_pb_row _builder_version=&#8221;4.17.4&#8243; _module_preset=&#8221;default&#8221; width=&#8221;100%&#8221; max_width=&#8221;100%&#8221; custom_padding=&#8221;0px||0px||false|false&#8221; global_colors_info=&#8221;{}&#8221;][et_pb_column type=&#8221;4_4&#8243; _builder_version=&#8221;4.16&#8243; _module_preset=&#8221;default&#8221; global_colors_info=&#8221;{}&#8221;][et_pb_slider use_bg_overlay=&#8221;on&#8221; bg_overlay_color=&#8221;rgba(27,18,38,0.74)&#8221; _builder_version=&#8221;4.23.2&#8243; _module_preset=&#8221;default&#8221; header_font=&#8221;Montserrat|800|||||||&#8221; header_font_size=&#8221;5vw&#8221; body_font=&#8221;|600|||||||&#8221; body_font_size=&#8221;16px&#8221; body_line_height=&#8221;1.8em&#8221; background_color=&#8221;#594d47&#8243; custom_button=&#8221;on&#8221; button_text_size=&#8221;16px&#8221; button_bg_color=&#8221;#CF1259&#8243; button_border_width=&#8221;0px&#8221; button_border_radius=&#8221;0px&#8221; button_font=&#8221;|700||on|||||&#8221; button_custom_padding=&#8221;15px|30px|15px|30px|true|true&#8221; content_max_width=&#8221;90%&#8221; min_height=&#8221;50vh&#8221; auto=&#8221;on&#8221; hover_enabled=&#8221;0&#8243; header_font_size_tablet=&#8221;40px&#8221; header_font_size_phone=&#8221;&#8221; header_font_size_last_edited=&#8221;on|desktop&#8221; custom_css_main_element=&#8221;min-height: calc(100vh &#8211; 80px)!important;&#8221; custom_css_slide_arrows=&#8221;font-size: 8vw !important;||margin-top: -4vw;&#8221; header_text_shadow_style=&#8221;preset3&#8243; header_text_shadow_color=&#8221;rgba(0,0,0,0)&#8221; body_text_shadow_style=&#8221;preset3&#8243; body_text_shadow_color=&#8221;RGBA(0,0,0,0)&#8221; box_shadow_style_image=&#8221;preset4&#8243; box_shadow_horizontal_image=&#8221;-8vw&#8221; box_shadow_vertical_image=&#8221;-8vw&#8221; box_shadow_spread_image=&#8221;-6.4vw&#8221; box_shadow_color_image=&#8221;#b4a487&#8243; global_colors_info=&#8221;{}&#8221; sticky_enabled=&#8221;0&#8243;][et_pb_slide heading=&#8221;COLLEVERDE PARK HOTEL&#8221; button_text=&#8221;D\u00e9couvrez l&#8217;h\u00f4tel&#8221; button_link=&#8221;@ET-DC@eyJkeW5hbWljIjp0cnVlLCJjb250ZW50IjoicG9zdF9saW5rX3VybF9wYWdlIiwic2V0dGluZ3MiOnsicG9zdF9pZCI6IjI0NDc0MSJ9fQ==@&#8221; image=&#8221;https:\/\/colleverdehotel.it\/fr\/wp-content\/uploads\/sites\/9\/2023\/05\/ristorante_3.jpeg.jpg&#8221; _builder_version=&#8221;4.21.0&#8243; _dynamic_attributes=&#8221;button_link&#8221; _module_preset=&#8221;default&#8221; header_level=&#8221;h2&#8243; header_font=&#8221;Mulish|800|||||||&#8221; header_font_size=&#8221;3vw&#8221; body_font=&#8221;Mulish|600|||||||&#8221; body_text_align=&#8221;justify&#8221; body_font_size=&#8221;20px&#8221; background_color=&#8221;rgba(89,77,71,0.79)&#8221; background_enable_color=&#8221;on&#8221; background_image=&#8221;https:\/\/colleverdehotel.it\/fr\/wp-content\/uploads\/sites\/9\/2023\/05\/ristorante_3.jpeg.jpg&#8221; background_enable_image=&#8221;on&#8221; custom_button=&#8221;on&#8221; button_text_size=&#8221;20px&#8221; button_text_color=&#8221;#FFFFFF&#8221; button_bg_color=&#8221;#e4be80&#8243; button_font=&#8221;Advent Pro||||||||&#8221; custom_css_main_element=&#8221;min-height: calc(100vh &#8211; 80px)!important;&#8221; global_colors_info=&#8221;{}&#8221; sticky_transition=&#8221;on&#8221;]<\/p>\n<p style=\"text-align: justify;\">\u00c0 deux pas de la Vall\u00e9e des Temples, du centre historique et \u00e0 15 minutes en voiture de la Scala dei Turchi, le Colleverde Park Hotel est vraiment au centre de tout.<\/p>\n<p>[\/et_pb_slide][et_pb_slide heading=&#8221;ENVIRONNEMENTS UNIQUES ET RAFFIN\u00c9S&#8221; button_text=&#8221;D\u00e9couvrez l&#8217;h\u00f4tel&#8221; button_link=&#8221;@ET-DC@eyJkeW5hbWljIjp0cnVlLCJjb250ZW50IjoicG9zdF9saW5rX3VybF9wYWdlIiwic2V0dGluZ3MiOnsicG9zdF9pZCI6IjI0NDc0MSJ9fQ==@&#8221; image=&#8221;https:\/\/colleverdehotel.it\/fr\/wp-content\/uploads\/sites\/9\/2022\/03\/colleverde_ambienti.jpg&#8221; _builder_version=&#8221;4.21.0&#8243; _dynamic_attributes=&#8221;button_link&#8221; _module_preset=&#8221;default&#8221; header_font=&#8221;Mulish|800|||||||&#8221; header_font_size=&#8221;3vw&#8221; body_font=&#8221;Mulish|600|||||||&#8221; body_text_align=&#8221;justify&#8221; body_font_size=&#8221;20px&#8221; background_color=&#8221;rgba(89,77,71,0.76)&#8221; background_enable_color=&#8221;on&#8221; background_image=&#8221;https:\/\/colleverdehotel.it\/fr\/wp-content\/uploads\/sites\/9\/2022\/03\/colleverde_ambienti.jpg&#8221; background_enable_image=&#8221;on&#8221; custom_button=&#8221;on&#8221; button_text_size=&#8221;20px&#8221; button_bg_color=&#8221;#e4be80&#8243; button_font=&#8221;Advent Pro||||||||&#8221; custom_css_main_element=&#8221;min-height: calc(100vh &#8211; 80px)!important;&#8221; global_colors_info=&#8221;{}&#8221; sticky_transition=&#8221;on&#8221;]<\/p>\n<p style=\"text-align: justify;\">Des c\u00e9ramiques pr\u00e9cieuses, des meubles siciliens du XIXe si\u00e8cle et des tapis persans cr\u00e9ent un environnement \u00e9l\u00e9gant \u00e0 l&#8217;atmosph\u00e8re familiale. Dans ses espaces, il est possible de prendre un verre, de se plonger dans la lecture ou simplement de se d\u00e9tendre en admirant le panorama entour\u00e9 de splendides plantes m\u00e9diterran\u00e9ennes et tropicales.<\/p>\n<p>[\/et_pb_slide][et_pb_slide heading=&#8221;LE MEILLEUR TARIF GARANTI&#8221; button_text=&#8221;reserver&#8221; button_link=&#8221;https:\/\/www.scidoo.com\/preventivov2\/?cod=1162&#8243; url_new_window=&#8221;on&#8221; image=&#8221;https:\/\/colleverdehotel.it\/fr\/wp-content\/uploads\/sites\/9\/2023\/04\/SUPERIOR_concordia.jpeg&#8221; _builder_version=&#8221;4.23.2&#8243; _module_preset=&#8221;default&#8221; header_font=&#8221;Mulish|800|||||||&#8221; header_font_size=&#8221;3vw&#8221; body_font=&#8221;Mulish|600|||||||&#8221; body_text_align=&#8221;justify&#8221; body_font_size=&#8221;20px&#8221; background_color=&#8221;rgba(89,77,71,0.77)&#8221; background_enable_color=&#8221;on&#8221; background_image=&#8221;https:\/\/colleverdehotel.it\/fr\/wp-content\/uploads\/sites\/9\/2023\/04\/SUPERIOR_concordia.jpeg&#8221; background_enable_image=&#8221;on&#8221; custom_button=&#8221;on&#8221; button_text_size=&#8221;20px&#8221; button_bg_color=&#8221;#e4be80&#8243; button_font=&#8221;Advent Pro||||||||&#8221; link_option_url=&#8221;https:\/\/www.scidoo.com\/preventivov2\/?cod=1162&#8243; link_option_url_new_window=&#8221;on&#8221; hover_enabled=&#8221;0&#8243; custom_css_main_element=&#8221;min-height: calc(100vh &#8211; 80px)!important;&#8221; global_colors_info=&#8221;{}&#8221; sticky_transition=&#8221;on&#8221; sticky_enabled=&#8221;0&#8243;]<\/p>\n<p style=\"text-align: justify;\">R\u00e9servez directement avec nous et \u00e9conomisez! Notre h\u00f4tel vous propose le meilleur tarif du web. Profitez de nos offres exclusives, r\u00e9servez en toute confiance et profitez d&#8217;un maximum de confort au prix le moins cher.<\/p>\n<p>[\/et_pb_slide][et_pb_slide heading=&#8221;AU CENTRE DE TOUT&#8221; button_text=&#8221;D\u00c9COUVREZ AGRIGENTE&#8221; button_link=&#8221;@ET-DC@eyJkeW5hbWljIjp0cnVlLCJjb250ZW50IjoicG9zdF9saW5rX3VybF9wYWdlIiwic2V0dGluZ3MiOnsicG9zdF9pZCI6IjI0NDE4NyJ9fQ==@&#8221; image=&#8221;https:\/\/colleverdehotel.it\/fr\/wp-content\/uploads\/sites\/9\/2022\/03\/colleverde_templi.jpg&#8221; _builder_version=&#8221;4.21.0&#8243; _dynamic_attributes=&#8221;button_link&#8221; _module_preset=&#8221;default&#8221; header_font=&#8221;Mulish|800|||||||&#8221; header_font_size=&#8221;3vw&#8221; body_font=&#8221;Mulish|600|||||||&#8221; body_text_align=&#8221;justify&#8221; body_font_size=&#8221;20px&#8221; background_color=&#8221;rgba(89,77,71,0.8)&#8221; background_enable_color=&#8221;on&#8221; background_image=&#8221;https:\/\/colleverdehotel.it\/fr\/wp-content\/uploads\/sites\/9\/2022\/03\/colleverde_templi.jpg&#8221; background_enable_image=&#8221;on&#8221; custom_button=&#8221;on&#8221; button_text_size=&#8221;20px&#8221; button_bg_color=&#8221;#e4be80&#8243; button_font=&#8221;Advent Pro||||||||&#8221; custom_css_main_element=&#8221;min-height: calc(100vh &#8211; 80px)!important;&#8221; global_colors_info=&#8221;{}&#8221; sticky_transition=&#8221;on&#8221;]<\/p>\n<p style=\"text-align: justify;\">L&#8217;emplacement est particuli\u00e8rement pratique pour ceux qui viennent \u00e0 Agrigente. Le centre-ville, l&#8217;entr\u00e9e du temple de Giunone et de la Via Sacra, le mus\u00e9e arch\u00e9ologique, le quartier hell\u00e9nistique-romain, l&#8217;\u00e9glise m\u00e9di\u00e9vale de San Nicola sont tous tr\u00e8s proches et facilement accessibles \u00e0 pied.<\/p>\n<p>[\/et_pb_slide][et_pb_slide heading=&#8221;UNE VUE UNIQUE&#8221; button_text=&#8221;D\u00c9COUVREZ LES CHAMBRES&#8221; button_link=&#8221;@ET-DC@eyJkeW5hbWljIjp0cnVlLCJjb250ZW50IjoicG9zdF9saW5rX3VybF9wYWdlIiwic2V0dGluZ3MiOnsicG9zdF9pZCI6IjU3MCJ9fQ==@&#8221; image=&#8221;https:\/\/colleverdehotel.it\/fr\/wp-content\/uploads\/sites\/9\/2023\/05\/Superior_6.jpg&#8221; _builder_version=&#8221;4.21.0&#8243; _dynamic_attributes=&#8221;button_link&#8221; _module_preset=&#8221;default&#8221; header_font=&#8221;Mulish|800|||||||&#8221; header_font_size=&#8221;3vw&#8221; body_font=&#8221;Mulish|600|||||||&#8221; body_text_align=&#8221;justify&#8221; body_font_size=&#8221;20px&#8221; background_color=&#8221;rgba(89,77,71,0.8)&#8221; background_enable_color=&#8221;on&#8221; background_image=&#8221;https:\/\/colleverdehotel.it\/fr\/wp-content\/uploads\/sites\/9\/2022\/03\/colleverde_templi.jpg&#8221; background_enable_image=&#8221;on&#8221; custom_button=&#8221;on&#8221; button_text_size=&#8221;20px&#8221; button_bg_color=&#8221;#e4be80&#8243; button_font=&#8221;Advent Pro||||||||&#8221; custom_css_main_element=&#8221;min-height: calc(100vh &#8211; 80px)!important;&#8221; global_colors_info=&#8221;{}&#8221; sticky_transition=&#8221;on&#8221;]<\/p>\n<p style=\"text-align: justify;\">De certaines chambres de l&#8217;h\u00f4tel s&#8217;ouvre un spectacle enchanteur : la vue sur la Vall\u00e9e des Temples. Les colonnes antiques et les temples majestueux \u00e9mergent fi\u00e8rement du paysage, t\u00e9moins silencieux d&#8217;une civilisation mill\u00e9naire. Dans ce lieu magique, le pass\u00e9 se m\u00eale \u00e0 la beaut\u00e9 naturelle, offrant une exp\u00e9rience inoubliable \u00e0 nos h\u00f4tes.<\/p>\n<p>[\/et_pb_slide][\/et_pb_slider][\/et_pb_column][\/et_pb_row][\/et_pb_section][et_pb_section fb_built=&#8221;1&#8243; fullwidth=&#8221;on&#8221; _builder_version=&#8221;4.21.0&#8243; _module_preset=&#8221;default&#8221; background_color=&#8221;RGBA(255,255,255,0)&#8221; custom_margin=&#8221;||||false|false&#8221; custom_padding=&#8221;0px||0px||true|false&#8221; global_colors_info=&#8221;{}&#8221;][et_pb_fullwidth_header header_scroll_down=&#8221;on&#8221; scroll_down_icon=&#8221;%%7%%&#8221; scroll_down_icon_color=&#8221;rgba(255,255,255,0.51)&#8221; scroll_down_icon_size=&#8221;70px&#8221; disabled_on=&#8221;on|on|off&#8221; _builder_version=&#8221;4.21.0&#8243; _module_preset=&#8221;default&#8221; background_color=&#8221;RGBA(255,255,255,0)&#8221; transform_translate=&#8221;0px|-120px&#8221; transform_translate_linked=&#8221;off&#8221; z_index=&#8221;20&#8243; module_alignment=&#8221;center&#8221; custom_margin=&#8221;||||true|false&#8221; custom_padding=&#8221;0px||0px||true|false&#8221; global_colors_info=&#8221;{}&#8221;][\/et_pb_fullwidth_header][\/et_pb_section][et_pb_section fb_built=&#8221;1&#8243; disabled_on=&#8221;off|off|on&#8221; _builder_version=&#8221;4.17.4&#8243; _module_preset=&#8221;default&#8221; custom_padding=&#8221;0px||0px||false|false&#8221; global_colors_info=&#8221;{}&#8221;][et_pb_row _builder_version=&#8221;4.17.4&#8243; _module_preset=&#8221;default&#8221; width=&#8221;100%&#8221; max_width=&#8221;2560px&#8221; custom_padding=&#8221;0px||0px||false|false&#8221; global_colors_info=&#8221;{}&#8221;][et_pb_column type=&#8221;4_4&#8243; _builder_version=&#8221;4.17.4&#8243; _module_preset=&#8221;default&#8221; global_colors_info=&#8221;{}&#8221;][et_pb_slider _builder_version=&#8221;4.21.0&#8243; _module_preset=&#8221;default&#8221; height=&#8221;300px&#8221; global_colors_info=&#8221;{}&#8221;][et_pb_slide _builder_version=&#8221;4.21.0&#8243; _module_preset=&#8221;default&#8221; background_enable_color=&#8221;off&#8221; background_image=&#8221;https:\/\/colleverdehotel.it\/fr\/wp-content\/uploads\/sites\/9\/2022\/03\/6_colleverde_hotel_panorama.jpg&#8221; background_enable_image=&#8221;on&#8221; global_colors_info=&#8221;{}&#8221; sticky_transition=&#8221;on&#8221;][\/et_pb_slide][et_pb_slide _builder_version=&#8221;4.20.4&#8243; _module_preset=&#8221;default&#8221; background_enable_color=&#8221;off&#8221; background_image=&#8221;https:\/\/colleverdehotel.it\/fr\/wp-content\/uploads\/sites\/9\/2023\/04\/SUPERIOR_concordia.jpeg&#8221; background_enable_image=&#8221;on&#8221; global_colors_info=&#8221;{}&#8221; sticky_transition=&#8221;on&#8221;][\/et_pb_slide][et_pb_slide _builder_version=&#8221;4.20.4&#8243; _module_preset=&#8221;default&#8221; background_enable_color=&#8221;off&#8221; background_image=&#8221;https:\/\/colleverdehotel.it\/fr\/wp-content\/uploads\/sites\/9\/2022\/06\/Colleverde-Park-Hotel-camera-panoramic-terrazza.jpg&#8221; background_enable_image=&#8221;on&#8221; global_colors_info=&#8221;{}&#8221; sticky_transition=&#8221;on&#8221;][\/et_pb_slide][\/et_pb_slider][\/et_pb_column][\/et_pb_row][\/et_pb_section][et_pb_section fb_built=&#8221;1&#8243; admin_label=&#8221;Welcome To Royal&#8221; _builder_version=&#8221;4.21.0&#8243; background_color=&#8221;#ffffff&#8221; background_position=&#8221;top_left&#8221; custom_padding=&#8221;0px|0px|0px|0px|false|false&#8221; collapsed=&#8221;off&#8221; global_colors_info=&#8221;{}&#8221;][et_pb_row column_structure=&#8221;1_2,1_2&#8243; _builder_version=&#8221;4.21.0&#8243; background_size=&#8221;initial&#8221; background_position=&#8221;top_left&#8221; background_repeat=&#8221;repeat&#8221; custom_margin=&#8221;|||&#8221; custom_padding=&#8221;0px||0px||true|false&#8221; global_colors_info=&#8221;{}&#8221;][et_pb_column type=&#8221;1_2&#8243; _builder_version=&#8221;4.16&#8243; background_position=&#8221;top_left&#8221; custom_padding=&#8221;60px|||&#8221; global_colors_info=&#8221;{}&#8221; custom_padding__hover=&#8221;|||&#8221;][et_pb_divider show_divider=&#8221;off&#8221; _builder_version=&#8221;4.16&#8243; max_width=&#8221;60px&#8221; module_alignment=&#8221;left&#8221; custom_margin=&#8221;||10px|&#8221; saved_tabs=&#8221;all&#8221; locked=&#8221;off&#8221; global_colors_info=&#8221;{}&#8221;][\/et_pb_divider][et_pb_text disabled_on=&#8221;on|on|off&#8221; _builder_version=&#8221;4.21.0&#8243; text_font=&#8221;||||||||&#8221; header_font=&#8221;Mulish||||||||&#8221; header_2_font=&#8221;Mulish||||||||&#8221; header_2_text_color=&#8221;#e4be80&#8243; header_2_font_size=&#8221;48px&#8221; header_2_line_height=&#8221;1.3em&#8221; background_size=&#8221;initial&#8221; background_position=&#8221;top_left&#8221; background_repeat=&#8221;repeat&#8221; custom_padding=&#8221;50px||||false|false&#8221; global_colors_info=&#8221;{}&#8221; header_font_size__hover=&#8221;30px&#8221; header_font_size__hover_enabled=&#8221;30px&#8221; header_letter_spacing__hover=&#8221;0px&#8221; header_letter_spacing__hover_enabled=&#8221;0px&#8221; header_text_shadow_style__hover=&#8221;none&#8221; header_text_shadow_style__hover_enabled=&#8221;none&#8221; header_text_shadow_color__hover=&#8221;rgba(0,0,0,0.4)&#8221; header_text_shadow_color__hover_enabled=&#8221;rgba(0,0,0,0.4)&#8221;]<\/p>\n<h2>Bienvenue \u00e0 &#8220;Lumie di Sicilia&#8221;<\/h2>\n<p>[\/et_pb_text][et_pb_text _builder_version=&#8221;4.21.0&#8243; text_font=&#8221;Mulish||||||||&#8221; text_text_color=&#8221;#666666&#8243; text_font_size=&#8221;18px&#8221; text_line_height=&#8221;2.3em&#8221; header_font=&#8221;||||&#8221; background_size=&#8221;initial&#8221; background_position=&#8221;top_left&#8221; background_repeat=&#8221;repeat&#8221; max_width=&#8221;700px&#8221; animation_style=&#8221;slide&#8221; animation_direction=&#8221;top&#8221; animation_intensity_slide=&#8221;4%&#8221; global_colors_info=&#8221;{}&#8221;]<\/p>\n<p style=\"text-align: justify;\">La cuisine sicilienne est renomm\u00e9e dans le monde entier pour ses savantes combinaisons de saveurs et de parfums, de produits de la terre et de la mer, d\u2019\u00e9pices et de couleurs.<br \/>Notre restaurant \u201cLumie di Sicilia\u201c et notre Chef seront tr\u00e8s heureux de choyer votre palais avec le meilleur de la tradition sicilienne. L\u2019h\u00f4tel comprend un restaurant d\u2019hiver et un confortable pavillon nich\u00e9 au coeur de la verdure, ou nos h\u00f4tes pourront diner tout en profitant de la superbe vue sur le Temple de la Concorde.<br \/>Nos menus respectent le cours des saisons et peuvent \u00eatre r\u00e9serv\u00e9s en m\u00eame temps que la chambre.<\/p>\n<p>[\/et_pb_text][\/et_pb_column][et_pb_column type=&#8221;1_2&#8243; _builder_version=&#8221;4.21.0&#8243; background_position=&#8221;top_left&#8221; custom_padding=&#8221;100px||||false|false&#8221; custom_padding_tablet=&#8221;0px||||false|false&#8221; custom_padding_phone=&#8221;0px||||false|false&#8221; custom_padding_last_edited=&#8221;on|tablet&#8221; global_colors_info=&#8221;{}&#8221; custom_padding__hover=&#8221;|||&#8221;][et_pb_image src=&#8221;https:\/\/colleverdehotel.it\/fr\/wp-content\/uploads\/sites\/9\/2023\/05\/ristorante.jpeg&#8221; title_text=&#8221;ristorante&#8221; force_fullwidth=&#8221;on&#8221; _builder_version=&#8221;4.21.0&#8243; custom_padding=&#8221;50px||||false|false&#8221; filter_saturate=&#8221;137%&#8221; animation_style=&#8221;slide&#8221; animation_direction=&#8221;left&#8221; animation_intensity_slide=&#8221;10%&#8221; border_radii=&#8221;on|10px|10px|10px|10px&#8221; box_shadow_style=&#8221;preset1&#8243; box_shadow_blur=&#8221;14px&#8221; always_center_on_mobile=&#8221;off&#8221; global_colors_info=&#8221;{}&#8221;][\/et_pb_image][\/et_pb_column][\/et_pb_row][et_pb_row use_custom_gutter=&#8221;on&#8221; gutter_width=&#8221;1&#8243; make_equal=&#8221;on&#8221; _builder_version=&#8221;4.21.0&#8243; _module_preset=&#8221;default&#8221; module_alignment=&#8221;center&#8221; global_colors_info=&#8221;{}&#8221;][et_pb_column type=&#8221;4_4&#8243; _builder_version=&#8221;4.21.0&#8243; _module_preset=&#8221;default&#8221; global_colors_info=&#8221;{}&#8221;][et_pb_gallery gallery_ids=&#8221;279105,279103,279102,279100,279104,279098,279096,279099,279101,279097&#8243; posts_number=&#8221;12&#8243; show_title_and_caption=&#8221;off&#8221; show_pagination=&#8221;off&#8221; zoom_icon_color=&#8221;#e4be80&#8243; hover_icon=&#8221;&#x54;||divi||400&#8243; _builder_version=&#8221;4.21.0&#8243; _module_preset=&#8221;default&#8221; border_width_all=&#8221;4px&#8221; border_color_all=&#8221;#FFFFFF&#8221; global_colors_info=&#8221;{}&#8221;][\/et_pb_gallery][\/et_pb_column][\/et_pb_row][\/et_pb_section]<\/p>\n","protected":false},"excerpt":{"rendered":"<p>\u00c0 deux pas de la Vall\u00e9e des Temples, du centre historique et \u00e0 15 minutes en voiture de la Scala dei Turchi, le Colleverde Park Hotel est vraiment au centre de tout.Des c\u00e9ramiques pr\u00e9cieuses, des meubles siciliens du XIXe si\u00e8cle et des tapis persans cr\u00e9ent un environnement \u00e9l\u00e9gant \u00e0 l&#8217;atmosph\u00e8re familiale. Dans ses espaces, il [&hellip;]<\/p>\n","protected":false},"author":1,"featured_media":0,"parent":0,"menu_order":0,"comment_status":"closed","ping_status":"closed","template":"","meta":{"_et_pb_use_builder":"on","_et_pb_old_content":"<!-- wp:divi\/placeholder \/-->","_et_gb_content_width":"","inline_featured_image":false,"footnotes":""},"class_list":["post-279069","page","type-page","status-publish","hentry"],"_links":{"self":[{"href":"https:\/\/colleverdehotel.it\/fr\/wp-json\/wp\/v2\/pages\/279069","targetHints":{"allow":["GET"]}}],"collection":[{"href":"https:\/\/colleverdehotel.it\/fr\/wp-json\/wp\/v2\/pages"}],"about":[{"href":"https:\/\/colleverdehotel.it\/fr\/wp-json\/wp\/v2\/types\/page"}],"author":[{"embeddable":true,"href":"https:\/\/colleverdehotel.it\/fr\/wp-json\/wp\/v2\/users\/1"}],"replies":[{"embeddable":true,"href":"https:\/\/colleverdehotel.it\/fr\/wp-json\/wp\/v2\/comments?post=279069"}],"version-history":[{"count":23,"href":"https:\/\/colleverdehotel.it\/fr\/wp-json\/wp\/v2\/pages\/279069\/revisions"}],"predecessor-version":[{"id":279621,"href":"https:\/\/colleverdehotel.it\/fr\/wp-json\/wp\/v2\/pages\/279069\/revisions\/279621"}],"wp:attachment":[{"href":"https:\/\/colleverdehotel.it\/fr\/wp-json\/wp\/v2\/media?parent=279069"}],"curies":[{"name":"wp","href":"https:\/\/api.w.org\/{rel}","templated":true}]}}