{"id":279069,"date":"2023-05-18T07:36:12","date_gmt":"2023-05-18T07:36:12","guid":{"rendered":"https:\/\/colleverdehotel.it\/de\/?page_id=279069"},"modified":"2023-12-28T05:53:49","modified_gmt":"2023-12-28T05:53:49","slug":"restaurant","status":"publish","type":"page","link":"https:\/\/colleverdehotel.it\/de\/restaurant\/","title":{"rendered":"Ristorante"},"content":{"rendered":"<p>[et_pb_section fb_built=&#8221;1&#8243; disabled_on=&#8221;on|on|off&#8221; _builder_version=&#8221;4.17.4&#8243; _module_preset=&#8221;default&#8221; custom_padding=&#8221;0px||0px||false|false&#8221; global_colors_info=&#8221;{}&#8221;][et_pb_row _builder_version=&#8221;4.17.4&#8243; _module_preset=&#8221;default&#8221; width=&#8221;100%&#8221; max_width=&#8221;100%&#8221; custom_padding=&#8221;0px||0px||false|false&#8221; global_colors_info=&#8221;{}&#8221;][et_pb_column type=&#8221;4_4&#8243; _builder_version=&#8221;4.16&#8243; _module_preset=&#8221;default&#8221; global_colors_info=&#8221;{}&#8221;][et_pb_slider use_bg_overlay=&#8221;on&#8221; bg_overlay_color=&#8221;rgba(27,18,38,0.74)&#8221; _builder_version=&#8221;4.23.2&#8243; _module_preset=&#8221;default&#8221; header_font=&#8221;Montserrat|800|||||||&#8221; header_font_size=&#8221;5vw&#8221; body_font=&#8221;|600|||||||&#8221; body_font_size=&#8221;16px&#8221; body_line_height=&#8221;1.8em&#8221; background_color=&#8221;#594d47&#8243; custom_button=&#8221;on&#8221; button_text_size=&#8221;16px&#8221; button_bg_color=&#8221;#CF1259&#8243; button_border_width=&#8221;0px&#8221; button_border_radius=&#8221;0px&#8221; button_font=&#8221;|700||on|||||&#8221; button_custom_padding=&#8221;15px|30px|15px|30px|true|true&#8221; content_max_width=&#8221;90%&#8221; min_height=&#8221;50vh&#8221; auto=&#8221;on&#8221; hover_enabled=&#8221;0&#8243; header_font_size_tablet=&#8221;40px&#8221; header_font_size_phone=&#8221;&#8221; header_font_size_last_edited=&#8221;on|desktop&#8221; custom_css_main_element=&#8221;min-height: calc(100vh &#8211; 80px)!important;&#8221; custom_css_slide_arrows=&#8221;font-size: 8vw !important;||margin-top: -4vw;&#8221; header_text_shadow_style=&#8221;preset3&#8243; header_text_shadow_color=&#8221;rgba(0,0,0,0)&#8221; body_text_shadow_style=&#8221;preset3&#8243; body_text_shadow_color=&#8221;RGBA(0,0,0,0)&#8221; box_shadow_style_image=&#8221;preset4&#8243; box_shadow_horizontal_image=&#8221;-8vw&#8221; box_shadow_vertical_image=&#8221;-8vw&#8221; box_shadow_spread_image=&#8221;-6.4vw&#8221; box_shadow_color_image=&#8221;#b4a487&#8243; global_colors_info=&#8221;{}&#8221; sticky_enabled=&#8221;0&#8243;][et_pb_slide heading=&#8221;COLLEVERDE PARK HOTEL&#8221; button_text=&#8221;Schauen Sie sich das Hotel an&#8221; button_link=&#8221;@ET-DC@eyJkeW5hbWljIjp0cnVlLCJjb250ZW50IjoicG9zdF9saW5rX3VybF9wYWdlIiwic2V0dGluZ3MiOnsicG9zdF9pZCI6IjI0NDc0MSJ9fQ==@&#8221; image=&#8221;https:\/\/colleverdehotel.it\/de\/wp-content\/uploads\/sites\/10\/2023\/05\/ristorante_3.jpeg.jpg&#8221; _builder_version=&#8221;4.21.0&#8243; _dynamic_attributes=&#8221;button_link&#8221; _module_preset=&#8221;default&#8221; header_level=&#8221;h2&#8243; header_font=&#8221;Mulish|800|||||||&#8221; header_font_size=&#8221;3vw&#8221; body_font=&#8221;Mulish|600|||||||&#8221; body_text_align=&#8221;justify&#8221; body_font_size=&#8221;20px&#8221; background_color=&#8221;rgba(89,77,71,0.79)&#8221; background_enable_color=&#8221;on&#8221; background_image=&#8221;https:\/\/colleverdehotel.it\/de\/wp-content\/uploads\/sites\/10\/2023\/05\/ristorante_3.jpeg.jpg&#8221; background_enable_image=&#8221;on&#8221; custom_button=&#8221;on&#8221; button_text_size=&#8221;20px&#8221; button_text_color=&#8221;#FFFFFF&#8221; button_bg_color=&#8221;#e4be80&#8243; button_font=&#8221;Advent Pro||||||||&#8221; custom_css_main_element=&#8221;min-height: calc(100vh &#8211; 80px)!important;&#8221; global_colors_info=&#8221;{}&#8221; sticky_transition=&#8221;on&#8221;]<\/p>\n<p style=\"text-align: justify;\">Nur einen Steinwurf vom Tal der Tempel, dem historischen Zentrum und eine 15-min\u00fctige Fahrt von der Scala dei Turchi entfernt, liegt das Colleverde Park Hotel wirklich im Zentrum des Geschehens.<\/p>\n<p>[\/et_pb_slide][et_pb_slide heading=&#8221;EINZIGARTIGE UND RAFFINIERTE UMGEBUNGEN&#8221; button_text=&#8221;ENTDECKEN SIE DAS HOTEL&#8221; button_link=&#8221;@ET-DC@eyJkeW5hbWljIjp0cnVlLCJjb250ZW50IjoicG9zdF9saW5rX3VybF9wYWdlIiwic2V0dGluZ3MiOnsicG9zdF9pZCI6IjI0NDc0MSJ9fQ==@&#8221; image=&#8221;https:\/\/colleverdehotel.it\/de\/wp-content\/uploads\/sites\/10\/2022\/03\/colleverde_ambienti.jpg&#8221; _builder_version=&#8221;4.21.0&#8243; _dynamic_attributes=&#8221;button_link&#8221; _module_preset=&#8221;default&#8221; header_font=&#8221;Mulish|800|||||||&#8221; header_font_size=&#8221;3vw&#8221; body_font=&#8221;Mulish|600|||||||&#8221; body_text_align=&#8221;justify&#8221; body_font_size=&#8221;20px&#8221; background_color=&#8221;rgba(89,77,71,0.76)&#8221; background_enable_color=&#8221;on&#8221; background_image=&#8221;https:\/\/colleverdehotel.it\/de\/wp-content\/uploads\/sites\/10\/2022\/03\/colleverde_ambienti.jpg&#8221; background_enable_image=&#8221;on&#8221; custom_button=&#8221;on&#8221; button_text_size=&#8221;20px&#8221; button_bg_color=&#8221;#e4be80&#8243; button_font=&#8221;Advent Pro||||||||&#8221; custom_css_main_element=&#8221;min-height: calc(100vh &#8211; 80px)!important;&#8221; global_colors_info=&#8221;{}&#8221; sticky_transition=&#8221;on&#8221;]<\/p>\n<p style=\"text-align: justify;\">Kostbare Keramik, sizilianische M\u00f6bel aus dem 19. Jahrhundert und persische Teppiche schaffen ein elegantes Ambiente mit famili\u00e4rer Atmosph\u00e4re. In seinen R\u00e4umen k\u00f6nnen Sie einen Drink genie\u00dfen, sich in die Lekt\u00fcre vertiefen oder einfach entspannen und dabei das Panorama inmitten herrlicher mediterraner und tropischer Pflanzen bewundern.<\/p>\n<p>[\/et_pb_slide][et_pb_slide heading=&#8221;DER BESTE PREIS GARANTIERT&#8221; button_text=&#8221;Buchen Sie jetzt&#8221; button_link=&#8221;https:\/\/www.scidoo.com\/preventivov2\/?cod=1162&#8243; url_new_window=&#8221;on&#8221; image=&#8221;https:\/\/colleverdehotel.it\/de\/wp-content\/uploads\/sites\/10\/2023\/04\/SUPERIOR_concordia.jpeg&#8221; _builder_version=&#8221;4.23.2&#8243; _module_preset=&#8221;default&#8221; header_font=&#8221;Mulish|800|||||||&#8221; header_font_size=&#8221;3vw&#8221; body_font=&#8221;Mulish|600|||||||&#8221; body_text_align=&#8221;justify&#8221; body_font_size=&#8221;20px&#8221; background_color=&#8221;rgba(89,77,71,0.77)&#8221; background_enable_color=&#8221;on&#8221; background_image=&#8221;https:\/\/colleverdehotel.it\/de\/wp-content\/uploads\/sites\/10\/2023\/04\/SUPERIOR_concordia.jpeg&#8221; background_enable_image=&#8221;on&#8221; custom_button=&#8221;on&#8221; button_text_size=&#8221;20px&#8221; button_bg_color=&#8221;#e4be80&#8243; button_font=&#8221;Advent Pro||||||||&#8221; link_option_url=&#8221;https:\/\/www.scidoo.com\/preventivov2\/?cod=1162&#8243; link_option_url_new_window=&#8221;on&#8221; hover_enabled=&#8221;0&#8243; custom_css_main_element=&#8221;min-height: calc(100vh &#8211; 80px)!important;&#8221; global_colors_info=&#8221;{}&#8221; sticky_transition=&#8221;on&#8221; sticky_enabled=&#8221;0&#8243;]<\/p>\n<p style=\"text-align: justify;\">Buchen Sie direkt bei uns und sparen Sie! Unser Hotel bietet Ihnen den besten Preis im Internet. Profitieren Sie von unseren exklusiven Angeboten, buchen Sie mit Vertrauen und genie\u00dfen Sie maximalen Komfort zum g\u00fcnstigsten Preis.<\/p>\n<p>[\/et_pb_slide][et_pb_slide heading=&#8221;IM ZENTRUM VON ALLEM&#8221; button_text=&#8221;ENTDECKEN SIE AGRIGENT&#8221; button_link=&#8221;@ET-DC@eyJkeW5hbWljIjp0cnVlLCJjb250ZW50IjoicG9zdF9saW5rX3VybF9wYWdlIiwic2V0dGluZ3MiOnsicG9zdF9pZCI6IjI0NDE4NyJ9fQ==@&#8221; image=&#8221;https:\/\/colleverdehotel.it\/de\/wp-content\/uploads\/sites\/10\/2022\/03\/colleverde_templi.jpg&#8221; _builder_version=&#8221;4.21.0&#8243; _dynamic_attributes=&#8221;button_link&#8221; _module_preset=&#8221;default&#8221; header_font=&#8221;Mulish|800|||||||&#8221; header_font_size=&#8221;3vw&#8221; body_font=&#8221;Mulish|600|||||||&#8221; body_text_align=&#8221;justify&#8221; body_font_size=&#8221;20px&#8221; background_color=&#8221;rgba(89,77,71,0.8)&#8221; background_enable_color=&#8221;on&#8221; background_image=&#8221;https:\/\/colleverdehotel.it\/de\/wp-content\/uploads\/sites\/10\/2022\/03\/colleverde_templi.jpg&#8221; background_enable_image=&#8221;on&#8221; custom_button=&#8221;on&#8221; button_text_size=&#8221;20px&#8221; button_bg_color=&#8221;#e4be80&#8243; button_font=&#8221;Advent Pro||||||||&#8221; custom_css_main_element=&#8221;min-height: calc(100vh &#8211; 80px)!important;&#8221; global_colors_info=&#8221;{}&#8221; sticky_transition=&#8221;on&#8221;]<\/p>\n<p style=\"text-align: justify;\">Die Lage ist besonders g\u00fcnstig f\u00fcr diejenigen, die nach Agrigento kommen. Das Stadtzentrum, der Eingang zum Giunone-Tempel und der Via Sacra, das arch\u00e4ologische Museum, das hellenistisch-r\u00f6mische Viertel und die mittelalterliche Kirche San Nicola sind alle ganz in der N\u00e4he und leicht zu Fu\u00df erreichbar.<\/p>\n<p>[\/et_pb_slide][et_pb_slide heading=&#8221;EIN EINZIGARTIGER BLICK&#8221; button_text=&#8221;ENTDECKEN SIE DIE ZIMMER&#8221; button_link=&#8221;@ET-DC@eyJkeW5hbWljIjp0cnVlLCJjb250ZW50IjoicG9zdF9saW5rX3VybF9wYWdlIiwic2V0dGluZ3MiOnsicG9zdF9pZCI6IjU3MCJ9fQ==@&#8221; image=&#8221;https:\/\/colleverdehotel.it\/de\/wp-content\/uploads\/sites\/10\/2023\/05\/Superior_6.jpg&#8221; _builder_version=&#8221;4.21.0&#8243; _dynamic_attributes=&#8221;button_link&#8221; _module_preset=&#8221;default&#8221; header_font=&#8221;Mulish|800|||||||&#8221; header_font_size=&#8221;3vw&#8221; body_font=&#8221;Mulish|600|||||||&#8221; body_text_align=&#8221;justify&#8221; body_font_size=&#8221;20px&#8221; background_color=&#8221;rgba(89,77,71,0.8)&#8221; background_enable_color=&#8221;on&#8221; background_image=&#8221;https:\/\/colleverdehotel.it\/de\/wp-content\/uploads\/sites\/10\/2023\/05\/Superior_6.jpg&#8221; background_enable_image=&#8221;on&#8221; custom_button=&#8221;on&#8221; button_text_size=&#8221;20px&#8221; button_bg_color=&#8221;#e4be80&#8243; button_font=&#8221;Advent Pro||||||||&#8221; custom_css_main_element=&#8221;min-height: calc(100vh &#8211; 80px)!important;&#8221; global_colors_info=&#8221;{}&#8221; sticky_transition=&#8221;on&#8221;]<\/p>\n<p style=\"text-align: justify;\">Aus einigen Zimmern des Hotels er\u00f6ffnet sich ein bezauberndes Schauspiel: der Blick auf das Tal der Tempel. Die antiken S\u00e4ulen und majest\u00e4tischen Tempel ragen stolz aus der Landschaft hervor und sind stille Zeugen einer tausendj\u00e4hrigen Zivilisation. An diesem magischen Ort verschmilzt die Vergangenheit mit der Sch\u00f6nheit der Natur und bietet unseren G\u00e4sten ein unvergessliches Erlebnis.<\/p>\n<p>[\/et_pb_slide][\/et_pb_slider][\/et_pb_column][\/et_pb_row][\/et_pb_section][et_pb_section fb_built=&#8221;1&#8243; fullwidth=&#8221;on&#8221; _builder_version=&#8221;4.21.0&#8243; _module_preset=&#8221;default&#8221; background_color=&#8221;RGBA(255,255,255,0)&#8221; custom_margin=&#8221;||||false|false&#8221; custom_padding=&#8221;0px||0px||true|false&#8221; global_colors_info=&#8221;{}&#8221;][et_pb_fullwidth_header header_scroll_down=&#8221;on&#8221; scroll_down_icon=&#8221;%%7%%&#8221; scroll_down_icon_color=&#8221;rgba(255,255,255,0.51)&#8221; scroll_down_icon_size=&#8221;70px&#8221; disabled_on=&#8221;on|on|off&#8221; _builder_version=&#8221;4.21.0&#8243; _module_preset=&#8221;default&#8221; background_color=&#8221;RGBA(255,255,255,0)&#8221; transform_translate=&#8221;0px|-120px&#8221; transform_translate_linked=&#8221;off&#8221; z_index=&#8221;20&#8243; module_alignment=&#8221;center&#8221; custom_margin=&#8221;||||true|false&#8221; custom_padding=&#8221;0px||0px||true|false&#8221; global_colors_info=&#8221;{}&#8221;][\/et_pb_fullwidth_header][\/et_pb_section][et_pb_section fb_built=&#8221;1&#8243; disabled_on=&#8221;off|off|on&#8221; _builder_version=&#8221;4.17.4&#8243; _module_preset=&#8221;default&#8221; custom_padding=&#8221;0px||0px||false|false&#8221; global_colors_info=&#8221;{}&#8221;][et_pb_row _builder_version=&#8221;4.17.4&#8243; _module_preset=&#8221;default&#8221; width=&#8221;100%&#8221; max_width=&#8221;2560px&#8221; custom_padding=&#8221;0px||0px||false|false&#8221; global_colors_info=&#8221;{}&#8221;][et_pb_column type=&#8221;4_4&#8243; _builder_version=&#8221;4.17.4&#8243; _module_preset=&#8221;default&#8221; global_colors_info=&#8221;{}&#8221;][et_pb_slider _builder_version=&#8221;4.21.0&#8243; _module_preset=&#8221;default&#8221; height=&#8221;300px&#8221; global_colors_info=&#8221;{}&#8221;][et_pb_slide _builder_version=&#8221;4.21.0&#8243; _module_preset=&#8221;default&#8221; background_enable_color=&#8221;off&#8221; background_image=&#8221;https:\/\/colleverdehotel.it\/de\/wp-content\/uploads\/sites\/10\/2022\/03\/6_colleverde_hotel_panorama.jpg&#8221; background_enable_image=&#8221;on&#8221; global_colors_info=&#8221;{}&#8221; sticky_transition=&#8221;on&#8221;][\/et_pb_slide][et_pb_slide _builder_version=&#8221;4.20.4&#8243; _module_preset=&#8221;default&#8221; background_enable_color=&#8221;off&#8221; background_image=&#8221;https:\/\/colleverdehotel.it\/de\/wp-content\/uploads\/sites\/10\/2023\/04\/SUPERIOR_concordia.jpeg&#8221; background_enable_image=&#8221;on&#8221; global_colors_info=&#8221;{}&#8221; sticky_transition=&#8221;on&#8221;][\/et_pb_slide][et_pb_slide _builder_version=&#8221;4.20.4&#8243; _module_preset=&#8221;default&#8221; background_enable_color=&#8221;off&#8221; background_image=&#8221;https:\/\/colleverdehotel.it\/de\/wp-content\/uploads\/sites\/10\/2022\/06\/Colleverde-Park-Hotel-camera-panoramic-terrazza.jpg&#8221; background_enable_image=&#8221;on&#8221; global_colors_info=&#8221;{}&#8221; sticky_transition=&#8221;on&#8221;][\/et_pb_slide][\/et_pb_slider][\/et_pb_column][\/et_pb_row][\/et_pb_section][et_pb_section fb_built=&#8221;1&#8243; admin_label=&#8221;Welcome To Royal&#8221; _builder_version=&#8221;4.21.0&#8243; background_color=&#8221;#ffffff&#8221; background_position=&#8221;top_left&#8221; custom_padding=&#8221;0px|0px|0px|0px|false|false&#8221; collapsed=&#8221;off&#8221; global_colors_info=&#8221;{}&#8221;][et_pb_row column_structure=&#8221;1_2,1_2&#8243; _builder_version=&#8221;4.21.0&#8243; background_size=&#8221;initial&#8221; background_position=&#8221;top_left&#8221; background_repeat=&#8221;repeat&#8221; custom_margin=&#8221;|||&#8221; custom_padding=&#8221;0px||0px||true|false&#8221; global_colors_info=&#8221;{}&#8221;][et_pb_column type=&#8221;1_2&#8243; _builder_version=&#8221;4.16&#8243; background_position=&#8221;top_left&#8221; custom_padding=&#8221;60px|||&#8221; global_colors_info=&#8221;{}&#8221; custom_padding__hover=&#8221;|||&#8221;][et_pb_divider show_divider=&#8221;off&#8221; _builder_version=&#8221;4.16&#8243; max_width=&#8221;60px&#8221; module_alignment=&#8221;left&#8221; custom_margin=&#8221;||10px|&#8221; saved_tabs=&#8221;all&#8221; locked=&#8221;off&#8221; global_colors_info=&#8221;{}&#8221;][\/et_pb_divider][et_pb_text disabled_on=&#8221;on|on|off&#8221; _builder_version=&#8221;4.21.0&#8243; text_font=&#8221;||||||||&#8221; header_font=&#8221;Mulish||||||||&#8221; header_2_font=&#8221;Mulish||||||||&#8221; header_2_text_color=&#8221;#e4be80&#8243; header_2_font_size=&#8221;48px&#8221; header_2_line_height=&#8221;1.3em&#8221; background_size=&#8221;initial&#8221; background_position=&#8221;top_left&#8221; background_repeat=&#8221;repeat&#8221; custom_padding=&#8221;50px||||false|false&#8221; global_colors_info=&#8221;{}&#8221; header_font_size__hover=&#8221;30px&#8221; header_font_size__hover_enabled=&#8221;30px&#8221; header_letter_spacing__hover=&#8221;0px&#8221; header_letter_spacing__hover_enabled=&#8221;0px&#8221; header_text_shadow_style__hover=&#8221;none&#8221; header_text_shadow_style__hover_enabled=&#8221;none&#8221; header_text_shadow_color__hover=&#8221;rgba(0,0,0,0.4)&#8221; header_text_shadow_color__hover_enabled=&#8221;rgba(0,0,0,0.4)&#8221;]<\/p>\n<h2>Willkommen im \u201eLumie di Sicilia\u201c<\/h2>\n<p>[\/et_pb_text][et_pb_text _builder_version=&#8221;4.21.0&#8243; text_font=&#8221;Mulish||||||||&#8221; text_text_color=&#8221;#666666&#8243; text_font_size=&#8221;18px&#8221; text_line_height=&#8221;2.3em&#8221; header_font=&#8221;||||&#8221; background_size=&#8221;initial&#8221; background_position=&#8221;top_left&#8221; background_repeat=&#8221;repeat&#8221; max_width=&#8221;700px&#8221; animation_style=&#8221;slide&#8221; animation_direction=&#8221;top&#8221; animation_intensity_slide=&#8221;4%&#8221; global_colors_info=&#8221;{}&#8221;]<\/p>\n<p>Die sizilianische K\u00fcche ist auf der ganzen Welt f\u00fcr die geschickte Kombination von Geschmacksrichtungen und Aromen, Produkten des Landes und des Meeres, Gew\u00fcrzen und Farben bekannt.<br \/>Unser Restaurant \u201eLumie di Sicilia\u201c und unser K\u00fcchenchef verw\u00f6hnen gerne den Gaumen unserer G\u00e4ste mit vielen k\u00f6stlichen Gerichten der sizilianischen Tradition. Das Hotel verf\u00fcgt \u00fcber ein einladendes Winterrestaurant und einen gem\u00fctlichen Pavillon im Gr\u00fcnen des Parks, wo unsere G\u00e4ste in der warmen Jahreszeit im Freien speisen und dabei die herrliche Aussicht auf den Concordia-Tempel genie\u00dfen k\u00f6nnen.<br \/>Unsere Men\u00fcs und unsere Vorschl\u00e4ge folgen dem Lauf der Jahreszeiten und k\u00f6nnen zusammen mit dem Zimmer gebucht werden.<\/p>\n<p>[\/et_pb_text][\/et_pb_column][et_pb_column type=&#8221;1_2&#8243; _builder_version=&#8221;4.21.0&#8243; background_position=&#8221;top_left&#8221; custom_padding=&#8221;100px||||false|false&#8221; custom_padding_tablet=&#8221;0px||||false|false&#8221; custom_padding_phone=&#8221;0px||||false|false&#8221; custom_padding_last_edited=&#8221;on|tablet&#8221; global_colors_info=&#8221;{}&#8221; custom_padding__hover=&#8221;|||&#8221;][et_pb_image src=&#8221;https:\/\/colleverdehotel.it\/de\/wp-content\/uploads\/sites\/10\/2023\/05\/ristorante.jpeg&#8221; title_text=&#8221;ristorante&#8221; force_fullwidth=&#8221;on&#8221; _builder_version=&#8221;4.21.0&#8243; custom_padding=&#8221;50px||||false|false&#8221; filter_saturate=&#8221;137%&#8221; animation_style=&#8221;slide&#8221; animation_direction=&#8221;left&#8221; animation_intensity_slide=&#8221;10%&#8221; border_radii=&#8221;on|10px|10px|10px|10px&#8221; box_shadow_style=&#8221;preset1&#8243; box_shadow_blur=&#8221;14px&#8221; always_center_on_mobile=&#8221;off&#8221; global_colors_info=&#8221;{}&#8221;][\/et_pb_image][\/et_pb_column][\/et_pb_row][et_pb_row use_custom_gutter=&#8221;on&#8221; gutter_width=&#8221;1&#8243; make_equal=&#8221;on&#8221; _builder_version=&#8221;4.21.0&#8243; _module_preset=&#8221;default&#8221; module_alignment=&#8221;center&#8221; global_colors_info=&#8221;{}&#8221;][et_pb_column type=&#8221;4_4&#8243; _builder_version=&#8221;4.21.0&#8243; _module_preset=&#8221;default&#8221; global_colors_info=&#8221;{}&#8221;][et_pb_gallery gallery_ids=&#8221;279105,279103,279102,279100,279104,279098,279096,279099,279101,279097&#8243; posts_number=&#8221;12&#8243; show_title_and_caption=&#8221;off&#8221; show_pagination=&#8221;off&#8221; zoom_icon_color=&#8221;#e4be80&#8243; hover_icon=&#8221;&#x54;||divi||400&#8243; _builder_version=&#8221;4.21.0&#8243; _module_preset=&#8221;default&#8221; border_width_all=&#8221;4px&#8221; border_color_all=&#8221;#FFFFFF&#8221; global_colors_info=&#8221;{}&#8221;][\/et_pb_gallery][\/et_pb_column][\/et_pb_row][\/et_pb_section]<\/p>\n","protected":false},"excerpt":{"rendered":"<p>Nur einen Steinwurf vom Tal der Tempel, dem historischen Zentrum und eine 15-min\u00fctige Fahrt von der Scala dei Turchi entfernt, liegt das Colleverde Park Hotel wirklich im Zentrum des Geschehens.Kostbare Keramik, sizilianische M\u00f6bel aus dem 19. Jahrhundert und persische Teppiche schaffen ein elegantes Ambiente mit famili\u00e4rer Atmosph\u00e4re. In seinen R\u00e4umen k\u00f6nnen Sie einen Drink genie\u00dfen, [&hellip;]<\/p>\n","protected":false},"author":1,"featured_media":0,"parent":0,"menu_order":0,"comment_status":"closed","ping_status":"closed","template":"","meta":{"_et_pb_use_builder":"on","_et_pb_old_content":"<!-- wp:divi\/placeholder \/-->","_et_gb_content_width":"","inline_featured_image":false,"footnotes":""},"class_list":["post-279069","page","type-page","status-publish","hentry"],"_links":{"self":[{"href":"https:\/\/colleverdehotel.it\/de\/wp-json\/wp\/v2\/pages\/279069","targetHints":{"allow":["GET"]}}],"collection":[{"href":"https:\/\/colleverdehotel.it\/de\/wp-json\/wp\/v2\/pages"}],"about":[{"href":"https:\/\/colleverdehotel.it\/de\/wp-json\/wp\/v2\/types\/page"}],"author":[{"embeddable":true,"href":"https:\/\/colleverdehotel.it\/de\/wp-json\/wp\/v2\/users\/1"}],"replies":[{"embeddable":true,"href":"https:\/\/colleverdehotel.it\/de\/wp-json\/wp\/v2\/comments?post=279069"}],"version-history":[{"count":23,"href":"https:\/\/colleverdehotel.it\/de\/wp-json\/wp\/v2\/pages\/279069\/revisions"}],"predecessor-version":[{"id":279625,"href":"https:\/\/colleverdehotel.it\/de\/wp-json\/wp\/v2\/pages\/279069\/revisions\/279625"}],"wp:attachment":[{"href":"https:\/\/colleverdehotel.it\/de\/wp-json\/wp\/v2\/media?parent=279069"}],"curies":[{"name":"wp","href":"https:\/\/api.w.org\/{rel}","templated":true}]}}